{"id":61,"date":"2020-07-16T12:17:18","date_gmt":"2020-07-16T12:17:18","guid":{"rendered":"https:\/\/northofnowhere.ch\/?page_id=61"},"modified":"2022-11-21T14:17:10","modified_gmt":"2022-11-21T14:17:10","slug":"home","status":"publish","type":"page","link":"https:\/\/northofnowhere.ch\/","title":{"rendered":"Home"},"content":{"rendered":"<h1>Unterwegs mit der MY V\u00e1na<\/h1>\n<p>Lieber Leser, liebe Leserin<\/p>\n<p>Es ist schon, seit ich denken bzw. mich erinnern kann, immer mein Traum gewesen, eines Tages ein eigenes Schiff zu besitzen. Selber am Steuer zu stehen und entscheiden zu k\u00f6nnen, wohin die Reise gehen soll. Nun ist es endlich soweit &#8211; gerne nehmen wir Dich, hier auf unserem Blog, mit auf die Reise durch die Wasserstrassen Europas mit der MY V\u00e1na.<\/p>\n<p>Die V\u00e1na ist eine Grand Banks 42 Classic mit Baujahr 1979. Das Classic im Namen bezieht sich mittlerweile nicht nur auf das Modell &#8211; sie ist mittlerweile ein echter Klassiker geworden, der immer wieder die Augen auf sich zieht und Menschen zu begeistern vermag. Vor dem Kauf h\u00e4tte ich selber nie gedacht, wie viele Bootsbegeisterte einen mit: &#8222;Oh, a Grand Banks &#8211; lovely boat&#8220; begr\u00fcssen.<\/p>\n<p>Nun heisst&#8217;s: Leinen los &#8211; begleitet uns auf unserer Reise!<br \/>\n<em>Adrian<\/em><\/p>\n<h2>Ein eigenes Schiff<\/h2>\n<p>Was habt ihr gemacht? Ein Boot gekauft? Und das noch in diesen unsicheren Zeiten? #Corona2020<\/p>\n<p>Ja, genau das haben wir gemacht. Der &#8222;richtige&#8220; Zeitpunkt kommt vermutlich nie und darum haben wir es nun getan. Einfach so. Ein bisschen kalte F\u00fcsse geh\u00f6ren dazu, wenn man den Vertrag f\u00fcr eine solche Investition unterschreibt, aber wir sind fest davon \u00fcberzogen, dass es die richtige Entscheidung war.<\/p>\n<p>Wir haben den ersten Teil unseres Traums verwirklicht!<br \/>\n<em>Annina<\/em><\/p>\n","protected":false},"excerpt":{"rendered":"<p>Unterwegs mit der MY V\u00e1na Lieber Leser, liebe Leserin Es ist schon, seit ich denken bzw. mich erinnern kann, immer mein Traum gewesen, eines Tages ein eigenes Schiff zu besitzen. Selber am Steuer zu stehen und entscheiden zu k\u00f6nnen, wohin die Reise gehen soll. Nun ist es endlich soweit &#8211; gerne nehmen wir Dich, hier auf unserem Blog, mit auf die Reise durch die Wasserstrassen Europas mit der MY V\u00e1na. Die V\u00e1na ist eine Grand Banks 42 Classic mit Baujahr 1979. Das Classic im Namen bezieht sich mittlerweile nicht nur auf das Modell &#8211; sie ist mittlerweile ein echter Klassiker geworden, der immer wieder die Augen auf sich zieht und Menschen zu begeistern vermag. Vor dem Kauf h\u00e4tte ich selber nie gedacht, wie viele Bootsbegeisterte einen mit: &#8222;Oh, a Grand Banks &#8211; lovely boat&#8220; begr\u00fcssen. Nun heisst&#8217;s: Leinen los &#8211; begleitet uns auf unserer Reise! Adrian Ein eigenes Schiff Was habt ihr gemacht? Ein Boot gekauft? Und das noch in diesen unsicheren Zeiten? #Corona2020 Ja, genau das haben wir gemacht. Der &#8222;richtige&#8220; Zeitpunkt kommt vermutlich nie und darum haben wir es nun getan. Einfach so. Ein bisschen kalte F\u00fcsse geh\u00f6ren dazu, wenn man den Vertrag f\u00fcr eine solche Investition unterschreibt, aber wir sind fest davon \u00fcberzogen, dass es die richtige Entscheidung war. Wir haben den ersten Teil unseres Traums verwirklicht! Annina<\/p>\n","protected":false},"author":2,"featured_media":0,"parent":0,"menu_order":0,"comment_status":"closed","ping_status":"closed","template":"","meta":{"footnotes":""},"class_list":["post-61","page","type-page","status-publish","hentry"],"acf":[],"jetpack_sharing_enabled":true,"_links":{"self":[{"href":"https:\/\/northofnowhere.ch\/index.php?rest_route=\/wp\/v2\/pages\/61","targetHints":{"allow":["GET"]}}],"collection":[{"href":"https:\/\/northofnowhere.ch\/index.php?rest_route=\/wp\/v2\/pages"}],"about":[{"href":"https:\/\/northofnowhere.ch\/index.php?rest_route=\/wp\/v2\/types\/page"}],"author":[{"embeddable":true,"href":"https:\/\/northofnowhere.ch\/index.php?rest_route=\/wp\/v2\/users\/2"}],"replies":[{"embeddable":true,"href":"https:\/\/northofnowhere.ch\/index.php?rest_route=%2Fwp%2Fv2%2Fcomments&post=61"}],"version-history":[{"count":39,"href":"https:\/\/northofnowhere.ch\/index.php?rest_route=\/wp\/v2\/pages\/61\/revisions"}],"predecessor-version":[{"id":168,"href":"https:\/\/northofnowhere.ch\/index.php?rest_route=\/wp\/v2\/pages\/61\/revisions\/168"}],"wp:attachment":[{"href":"https:\/\/northofnowhere.ch\/index.php?rest_route=%2Fwp%2Fv2%2Fmedia&parent=61"}],"curies":[{"name":"wp","href":"https:\/\/api.w.org\/{rel}","templated":true}]}}